{"id":140,"date":"2025-01-24T13:49:13","date_gmt":"2025-01-24T11:49:13","guid":{"rendered":"https:\/\/helenafeofanov.softvenceprime.com\/?page_id=140"},"modified":"2026-04-06T13:08:16","modified_gmt":"2026-04-06T10:08:16","slug":"about-us","status":"publish","type":"page","link":"https:\/\/helenafeofanov.softvenceprime.com\/en\/about-us\/","title":{"rendered":"About us"},"content":{"rendered":"<div data-elementor-type=\"wp-page\" data-elementor-id=\"140\" class=\"elementor elementor-140 elementor-1277\" data-elementor-post-type=\"page\">\n\t\t\t\t<div class=\"elementor-element elementor-element-e7f1c92 e-flex e-con-boxed e-con e-parent\" data-id=\"e7f1c92\" data-element_type=\"container\" data-e-type=\"container\" data-settings=\"{&quot;background_background&quot;:&quot;classic&quot;}\">\n\t\t\t\t\t<div class=\"e-con-inner\">\n\t\t<div class=\"elementor-element elementor-element-def4380 e-con-full e-flex e-con e-child\" data-id=\"def4380\" data-element_type=\"container\" data-e-type=\"container\">\n\t\t<div class=\"elementor-element elementor-element-6ce419c e-con-full e-flex e-con e-child\" data-id=\"6ce419c\" data-element_type=\"container\" data-e-type=\"container\">\n\t\t\t\t<div class=\"elementor-element elementor-element-211308a elementor-widget elementor-widget-breadcrumbs\" data-id=\"211308a\" data-element_type=\"widget\" data-e-type=\"widget\" data-widget_type=\"breadcrumbs.default\">\n\t\t\t\t\t<p id=\"breadcrumbs\"><span><span><a href=\"https:\/\/helenafeofanov.softvenceprime.com\/en\/avaleht\/\">Home<\/a><\/span><\/span><\/p>\t\t\t\t<\/div>\n\t\t\t\t<\/div>\n\t\t<div class=\"elementor-element elementor-element-4bf4eb8 e-con-full e-flex e-con e-child\" data-id=\"4bf4eb8\" data-element_type=\"container\" data-e-type=\"container\">\n\t\t\t\t<div class=\"elementor-element elementor-element-d6cd158 elementor-widget elementor-widget-heading\" data-id=\"d6cd158\" data-element_type=\"widget\" data-e-type=\"widget\" data-widget_type=\"heading.default\">\n\t\t\t\t\t<h2 class=\"elementor-heading-title elementor-size-default\">About<\/h2>\t\t\t\t<\/div>\n\t\t\t\t<div class=\"elementor-element elementor-element-3cce4fc elementor-widget__width-initial elementor-widget elementor-widget-elementskit-heading\" data-id=\"3cce4fc\" data-element_type=\"widget\" data-e-type=\"widget\" data-widget_type=\"elementskit-heading.default\">\n\t\t\t\t\t<div class=\"ekit-wid-con\" ><div class=\"ekit-heading elementskit-section-title-wraper text_left   ekit_heading_tablet-   ekit_heading_mobile-\"><h2 class=\"ekit-heading--title elementskit-section-title\">Experience <span>unekunsti<\/span> with Hypnosis<\/h2><\/div><\/div>\t\t\t\t<\/div>\n\t\t\t\t<\/div>\n\t\t\t\t<\/div>\n\t\t<div class=\"elementor-element elementor-element-5eff3e7 e-con-full e-flex e-con e-child\" data-id=\"5eff3e7\" data-element_type=\"container\" data-e-type=\"container\">\n\t\t\t\t<\/div>\n\t\t\t\t\t<\/div>\n\t\t\t\t<\/div>\n\t\t<div class=\"elementor-element elementor-element-e63a8e0 e-flex e-con-boxed e-con e-parent\" data-id=\"e63a8e0\" data-element_type=\"container\" data-e-type=\"container\">\n\t\t\t\t\t<div class=\"e-con-inner\">\n\t\t<div class=\"elementor-element elementor-element-b696863 e-con-full e-flex e-con e-child\" data-id=\"b696863\" data-element_type=\"container\" data-e-type=\"container\" data-settings=\"{&quot;background_background&quot;:&quot;classic&quot;}\">\n\t\t\t\t<\/div>\n\t\t<div class=\"elementor-element elementor-element-ab21c15 e-con-full e-flex e-con e-child\" data-id=\"ab21c15\" data-element_type=\"container\" data-e-type=\"container\">\n\t\t\t\t<div class=\"elementor-element elementor-element-f120954 elementor-widget elementor-widget-heading\" data-id=\"f120954\" data-element_type=\"widget\" data-e-type=\"widget\" data-widget_type=\"heading.default\">\n\t\t\t\t\t<h2 class=\"elementor-heading-title elementor-size-default\">About us<\/h2>\t\t\t\t<\/div>\n\t\t\t\t<div class=\"elementor-element elementor-element-a5ebf57 elementor-widget elementor-widget-heading\" data-id=\"a5ebf57\" data-element_type=\"widget\" data-e-type=\"widget\" data-widget_type=\"heading.default\">\n\t\t\t\t\t<h2 class=\"elementor-heading-title elementor-size-default\">Our story<\/h2>\t\t\t\t<\/div>\n\t\t\t\t<div class=\"elementor-element elementor-element-2a5f24f elementor-widget__width-initial elementor-widget elementor-widget-heading\" data-id=\"2a5f24f\" data-element_type=\"widget\" data-e-type=\"widget\" data-widget_type=\"heading.default\">\n\t\t\t\t\t<h2 class=\"elementor-heading-title elementor-size-default\">O\u00dc Furnico started its activities in 1992, when the company was called AS Ain Kullo. In the early years, the main activity was the sale of imported furniture in Estonia. Over the years, the market situation changed and the company, which since 1997 has been known as Furnico Ltd, focused more and more on selling mattresses, spring beds and mattress toppers in Estonia and abroad.<\/h2>\t\t\t\t<\/div>\n\t\t\t\t<\/div>\n\t\t\t\t\t<\/div>\n\t\t\t\t<\/div>\n\t\t<div class=\"elementor-element elementor-element-71f08b4 e-flex e-con-boxed e-con e-parent\" data-id=\"71f08b4\" data-element_type=\"container\" data-e-type=\"container\" data-settings=\"{&quot;background_background&quot;:&quot;classic&quot;}\">\n\t\t\t\t\t<div class=\"e-con-inner\">\n\t\t\t\t<div class=\"elementor-element elementor-element-91c9896 elementor-widget__width-initial elementor-widget elementor-widget-elementskit-heading\" data-id=\"91c9896\" data-element_type=\"widget\" data-e-type=\"widget\" data-widget_type=\"elementskit-heading.default\">\n\t\t\t\t\t<div class=\"ekit-wid-con\" ><div class=\"ekit-heading elementskit-section-title-wraper text_left   ekit_heading_tablet-   ekit_heading_mobile-\"><h2 class=\"ekit-heading--title elementskit-section-title\"><span><span>Our mission:<\/span><\/span> to create innovative sleep solutions for a refreshing and rejuvenating holiday.<\/h2><\/div><\/div>\t\t\t\t<\/div>\n\t\t\t\t\t<\/div>\n\t\t\t\t<\/div>\n\t\t<div class=\"elementor-element elementor-element-ebda2bf e-flex e-con-boxed e-con e-parent\" data-id=\"ebda2bf\" data-element_type=\"container\" data-e-type=\"container\" data-settings=\"{&quot;background_background&quot;:&quot;classic&quot;}\">\n\t\t\t\t\t<div class=\"e-con-inner\">\n\t\t<div class=\"elementor-element elementor-element-d869680 e-con-full e-flex e-con e-child\" data-id=\"d869680\" data-element_type=\"container\" data-e-type=\"container\">\n\t\t\t\t<div class=\"elementor-element elementor-element-2c8184c elementor-widget elementor-widget-heading\" data-id=\"2c8184c\" data-element_type=\"widget\" data-e-type=\"widget\" data-widget_type=\"heading.default\">\n\t\t\t\t\t<h2 class=\"elementor-heading-title elementor-size-default\">Comfort crafting<\/h2>\t\t\t\t<\/div>\n\t\t\t\t<div class=\"elementor-element elementor-element-a4ff7a0 elementor-widget__width-initial elementor-widget elementor-widget-elementskit-heading\" data-id=\"a4ff7a0\" data-element_type=\"widget\" data-e-type=\"widget\" data-widget_type=\"elementskit-heading.default\">\n\t\t\t\t\t<div class=\"ekit-wid-con\" ><div class=\"ekit-heading elementskit-section-title-wraper text_center   ekit_heading_tablet-   ekit_heading_mobile-\"><h2 class=\"ekit-heading--title elementskit-section-title\">Furnico's products are manufactured in a factory in Narva, where mattresses and spring beds have been made since 1947. since. Modern know-how and half a century of furniture manufacturing experience in the Narva factory are the foundation of the quality Furnico offers.<\/h2><\/div><\/div>\t\t\t\t<\/div>\n\t\t\t\t<\/div>\n\t\t\t\t\t<\/div>\n\t\t\t\t<\/div>\n\t\t<div class=\"elementor-element elementor-element-d5156b7 e-flex e-con-boxed e-con e-parent\" data-id=\"d5156b7\" data-element_type=\"container\" data-e-type=\"container\">\n\t\t\t\t\t<div class=\"e-con-inner\">\n\t\t\t\t<div class=\"elementor-element elementor-element-82ca0de elementor-widget-tablet__width-inherit elementor-widget elementor-widget-helenafeofanov_accordion\" data-id=\"82ca0de\" data-element_type=\"widget\" data-e-type=\"widget\" data-widget_type=\"helenafeofanov_accordion.default\">\n\t\t\t\t<div class=\"elementor-widget-container\">\n\t\t\t\t\t        <div class=\"hf-accordion-widget\" data-active-index=\"0\">\n            <div class=\"hf-accordion-inner\">\n                <div class=\"hf-accordion-left\">\n                                            <div class=\"hf-accordion-label\">\n                            MIKS VALIDA MEID?                        <\/div>\n                    \n                    <div class=\"hf-accordion-items\">\n                                                    <div class=\"hf-accordion-item is-active\" data-index=\"0\">\n                                                                    <h3 class=\"hf-accordion-item-title\">\n                                        Kvaliteetsed materjalid                                    <\/h3>\n                                \n                                                                    <div class=\"hf-accordion-item-body\">\n                                        Vastupidavad ja kvaliteetsed materjalid p\u00fcsiva mugavuse tagamiseks.                                    <\/div>\n                                \n                                <div class=\"hf-accordion-mobile-image\">\n                                    <img decoding=\"async\" src=\"https:\/\/helenafeofanov.softvenceprime.com\/wp-content\/uploads\/2025\/01\/23193b6787de1f7c96f1049c8736b7d1-1024x683.webp\" alt=\"Kvaliteetsed materjalid\">\n                                <\/div>\n                            <\/div>\n                                                    <div class=\"hf-accordion-item is-inactive\" data-index=\"1\">\n                                                                    <h3 class=\"hf-accordion-item-title\">\n                                        Innovatsioon                                    <\/h3>\n                                \n                                                                    <div class=\"hf-accordion-item-body\">\n                                        Kaasaegsed lahendused, mis vastavad t\u00e4nap\u00e4eva ootustele.                                    <\/div>\n                                \n                                <div class=\"hf-accordion-mobile-image\">\n                                    <img decoding=\"async\" src=\"https:\/\/helenafeofanov.softvenceprime.com\/wp-content\/uploads\/2025\/08\/koduleht.png\" alt=\"Innovatsioon\">\n                                <\/div>\n                            <\/div>\n                                                    <div class=\"hf-accordion-item is-inactive\" data-index=\"2\">\n                                                                    <h3 class=\"hf-accordion-item-title\">\n                                        Kliendikeskne                                    <\/h3>\n                                \n                                                                    <div class=\"hf-accordion-item-body\">\n                                        Isikup\u00e4rastatud l\u00e4henemine ja p\u00fchendumus igale kliendile.                                    <\/div>\n                                \n                                <div class=\"hf-accordion-mobile-image\">\n                                    <img decoding=\"async\" src=\"https:\/\/helenafeofanov.softvenceprime.com\/wp-content\/uploads\/2025\/01\/8de1b3b4159aa16a8ac7be18de9159f3-1024x683.webp\" alt=\"Kliendikeskne\">\n                                <\/div>\n                            <\/div>\n                                            <\/div>\n                <\/div>\n\n                <div class=\"hf-accordion-right\">\n                    <div class=\"hf-accordion-image-area\">\n                                                    <div class=\"hf-accordion-image-item is-active\" data-index=\"0\">\n                                <img decoding=\"async\" src=\"https:\/\/helenafeofanov.softvenceprime.com\/wp-content\/uploads\/2025\/01\/23193b6787de1f7c96f1049c8736b7d1-1024x683.webp\" alt=\"Kvaliteetsed materjalid\">\n                            <\/div>\n                                                    <div class=\"hf-accordion-image-item\" data-index=\"1\">\n                                <img decoding=\"async\" src=\"https:\/\/helenafeofanov.softvenceprime.com\/wp-content\/uploads\/2025\/08\/koduleht.png\" alt=\"Innovatsioon\">\n                            <\/div>\n                                                    <div class=\"hf-accordion-image-item\" data-index=\"2\">\n                                <img decoding=\"async\" src=\"https:\/\/helenafeofanov.softvenceprime.com\/wp-content\/uploads\/2025\/01\/8de1b3b4159aa16a8ac7be18de9159f3-1024x683.webp\" alt=\"Kliendikeskne\">\n                            <\/div>\n                                            <\/div>\n                <\/div>\n            <\/div>\n        <\/div>\n        \t\t\t\t<\/div>\n\t\t\t\t<\/div>\n\t\t\t\t\t<\/div>\n\t\t\t\t<\/div>\n\t\t\t\t<\/div>","protected":false},"excerpt":{"rendered":"<p>About Experience unekunsti with Hypnosis About us Our story O\u00dc Furnico started its activities in 1992, when the company was [&hellip;]<\/p>\n","protected":false},"author":1,"featured_media":0,"parent":0,"menu_order":0,"comment_status":"closed","ping_status":"closed","template":"","meta":{"_acf_changed":false,"site-sidebar-layout":"no-sidebar","site-content-layout":"","ast-site-content-layout":"full-width-container","site-content-style":"default","site-sidebar-style":"default","ast-global-header-display":"","ast-banner-title-visibility":"","ast-main-header-display":"","ast-hfb-above-header-display":"","ast-hfb-below-header-display":"","ast-hfb-mobile-header-display":"","site-post-title":"","ast-breadcrumbs-content":"","ast-featured-img":"disabled","footer-sml-layout":"","ast-disable-related-posts":"","theme-transparent-header-meta":"","adv-header-id-meta":"","stick-header-meta":"","header-above-stick-meta":"","header-main-stick-meta":"","header-below-stick-meta":"","astra-migrate-meta-layouts":"default","ast-page-background-enabled":"default","ast-page-background-meta":{"desktop":{"background-color":"var(--ast-global-color-5)","background-image":"","background-repeat":"repeat","background-position":"center center","background-size":"auto","background-attachment":"scroll","background-type":"","background-media":"","overlay-type":"","overlay-color":"","overlay-opacity":"","overlay-gradient":""},"tablet":{"background-color":"","background-image":"","background-repeat":"repeat","background-position":"center center","background-size":"auto","background-attachment":"scroll","background-type":"","background-media":"","overlay-type":"","overlay-color":"","overlay-opacity":"","overlay-gradient":""},"mobile":{"background-color":"","background-image":"","background-repeat":"repeat","background-position":"center center","background-size":"auto","background-attachment":"scroll","background-type":"","background-media":"","overlay-type":"","overlay-color":"","overlay-opacity":"","overlay-gradient":""}},"ast-content-background-meta":{"desktop":{"background-color":"var(--ast-global-color-4)","background-image":"","background-repeat":"repeat","background-position":"center center","background-size":"auto","background-attachment":"scroll","background-type":"","background-media":"","overlay-type":"","overlay-color":"","overlay-opacity":"","overlay-gradient":""},"tablet":{"background-color":"var(--ast-global-color-4)","background-image":"","background-repeat":"repeat","background-position":"center center","background-size":"auto","background-attachment":"scroll","background-type":"","background-media":"","overlay-type":"","overlay-color":"","overlay-opacity":"","overlay-gradient":""},"mobile":{"background-color":"var(--ast-global-color-4)","background-image":"","background-repeat":"repeat","background-position":"center center","background-size":"auto","background-attachment":"scroll","background-type":"","background-media":"","overlay-type":"","overlay-color":"","overlay-opacity":"","overlay-gradient":""}},"footnotes":""},"class_list":["post-140","page","type-page","status-publish","hentry"],"acf":[],"yoast_head":"<!-- This site is optimized with the Yoast SEO Premium plugin v26.0 (Yoast SEO v26.0) - https:\/\/yoast.com\/wordpress\/plugins\/seo\/ -->\n<title>About us - Hypnos<\/title>\n<meta name=\"robots\" content=\"index, follow, max-snippet:-1, max-image-preview:large, max-video-preview:-1\" \/>\n<link rel=\"canonical\" href=\"\/en\/https:\/\/helenafeofanov.softvenceprime.com\/en\/about-us\/\/\" \/>\n<meta property=\"og:locale\" content=\"en_US\" \/>\n<meta property=\"og:type\" content=\"article\" \/>\n<meta property=\"og:title\" content=\"About us\" \/>\n<meta property=\"og:description\" content=\"About Experience unekunsti with Hypnosis About us Our story O\u00dc Furnico started its activities in 1992, when the company was [&hellip;]\" \/>\n<meta property=\"og:url\" content=\"\/en\/https:\/\/helenafeofanov.softvenceprime.com\/en\/about-us\/\/\" \/>\n<meta property=\"og:site_name\" content=\"Hypnos\" \/>\n<meta property=\"article:modified_time\" content=\"2026-04-06T10:08:16+00:00\" \/>\n<meta property=\"og:image\" content=\"https:\/\/helenafeofanov.softvenceprime.com\/wp-content\/uploads\/2025\/01\/23193b6787de1f7c96f1049c8736b7d1-1024x683.webp\" \/>\n<meta name=\"twitter:card\" content=\"summary_large_image\" \/>\n<script type=\"application\/ld+json\" class=\"yoast-schema-graph\">{\"@context\":\"https:\/\/schema.org\",\"@graph\":[{\"@type\":\"WebPage\",\"@id\":\"https:\/\/helenafeofanov.softvenceprime.com\/en\/about-us\/\",\"url\":\"https:\/\/helenafeofanov.softvenceprime.com\/en\/about-us\/\",\"name\":\"About us - Hypnos\",\"isPartOf\":{\"@id\":\"https:\/\/helenafeofanov.softvenceprime.com\/en\/#website\"},\"primaryImageOfPage\":{\"@id\":\"https:\/\/helenafeofanov.softvenceprime.com\/en\/about-us\/#primaryimage\"},\"image\":{\"@id\":\"https:\/\/helenafeofanov.softvenceprime.com\/en\/about-us\/#primaryimage\"},\"thumbnailUrl\":\"https:\/\/helenafeofanov.softvenceprime.com\/wp-content\/uploads\/2025\/01\/23193b6787de1f7c96f1049c8736b7d1-1024x683.webp\",\"datePublished\":\"2025-01-24T11:49:13+00:00\",\"dateModified\":\"2026-04-06T10:08:16+00:00\",\"breadcrumb\":{\"@id\":\"https:\/\/helenafeofanov.softvenceprime.com\/en\/about-us\/#breadcrumb\"},\"inLanguage\":\"en-US\",\"potentialAction\":[{\"@type\":\"ReadAction\",\"target\":[\"https:\/\/helenafeofanov.softvenceprime.com\/en\/about-us\/\"]}]},{\"@type\":\"ImageObject\",\"inLanguage\":\"en-US\",\"@id\":\"https:\/\/helenafeofanov.softvenceprime.com\/en\/about-us\/#primaryimage\",\"url\":\"https:\/\/helenafeofanov.softvenceprime.com\/wp-content\/uploads\/2025\/01\/23193b6787de1f7c96f1049c8736b7d1-1024x683.webp\",\"contentUrl\":\"https:\/\/helenafeofanov.softvenceprime.com\/wp-content\/uploads\/2025\/01\/23193b6787de1f7c96f1049c8736b7d1-1024x683.webp\"},{\"@type\":\"BreadcrumbList\",\"@id\":\"https:\/\/helenafeofanov.softvenceprime.com\/en\/about-us\/#breadcrumb\",\"itemListElement\":[{\"@type\":\"ListItem\",\"position\":1,\"name\":\"Esileht\",\"item\":\"https:\/\/helenafeofanov.softvenceprime.com\/en\/avaleht\/\"},{\"@type\":\"ListItem\",\"position\":2,\"name\":\"About us\"}]},{\"@type\":\"WebSite\",\"@id\":\"https:\/\/helenafeofanov.softvenceprime.com\/en\/#website\",\"url\":\"https:\/\/helenafeofanov.softvenceprime.com\/en\/\",\"name\":\"Hypnos\",\"description\":\"T\u00f5stame unekogemust\",\"publisher\":{\"@id\":\"https:\/\/helenafeofanov.softvenceprime.com\/en\/#organization\"},\"potentialAction\":[{\"@type\":\"SearchAction\",\"target\":{\"@type\":\"EntryPoint\",\"urlTemplate\":\"https:\/\/helenafeofanov.softvenceprime.com\/en\/?s={search_term_string}\"},\"query-input\":{\"@type\":\"PropertyValueSpecification\",\"valueRequired\":true,\"valueName\":\"search_term_string\"}}],\"inLanguage\":\"en-US\"},{\"@type\":\"Organization\",\"@id\":\"https:\/\/helenafeofanov.softvenceprime.com\/en\/#organization\",\"name\":\"Hypnos\",\"url\":\"https:\/\/helenafeofanov.softvenceprime.com\/en\/\",\"logo\":{\"@type\":\"ImageObject\",\"inLanguage\":\"en-US\",\"@id\":\"https:\/\/helenafeofanov.softvenceprime.com\/en\/#\/schema\/logo\/image\/\",\"url\":\"https:\/\/helenafeofanov.softvenceprime.com\/wp-content\/uploads\/2025\/06\/cropped-Hypnos-fa.png\",\"contentUrl\":\"https:\/\/helenafeofanov.softvenceprime.com\/wp-content\/uploads\/2025\/06\/cropped-Hypnos-fa.png\",\"width\":512,\"height\":512,\"caption\":\"Hypnos\"},\"image\":{\"@id\":\"https:\/\/helenafeofanov.softvenceprime.com\/en\/#\/schema\/logo\/image\/\"}}]}<\/script>\n<!-- \/ Yoast SEO Premium plugin. -->","yoast_head_json":{"title":"About us - Hypnos","robots":{"index":"index","follow":"follow","max-snippet":"max-snippet:-1","max-image-preview":"max-image-preview:large","max-video-preview":"max-video-preview:-1"},"canonical":"\/en\/https:\/\/helenafeofanov.softvenceprime.com\/en\/about-us\/\/","og_locale":"en_US","og_type":"article","og_title":"About us","og_description":"About Experience unekunsti with Hypnosis About us Our story O\u00dc Furnico started its activities in 1992, when the company was [&hellip;]","og_url":"\/en\/https:\/\/helenafeofanov.softvenceprime.com\/en\/about-us\/\/","og_site_name":"Hypnos","article_modified_time":"2026-04-06T10:08:16+00:00","og_image":[{"url":"https:\/\/helenafeofanov.softvenceprime.com\/wp-content\/uploads\/2025\/01\/23193b6787de1f7c96f1049c8736b7d1-1024x683.webp","type":"","width":"","height":""}],"twitter_card":"summary_large_image","schema":{"@context":"https:\/\/schema.org","@graph":[{"@type":"WebPage","@id":"https:\/\/helenafeofanov.softvenceprime.com\/en\/about-us\/","url":"https:\/\/helenafeofanov.softvenceprime.com\/en\/about-us\/","name":"About us - Hypnos","isPartOf":{"@id":"https:\/\/helenafeofanov.softvenceprime.com\/en\/#website"},"primaryImageOfPage":{"@id":"https:\/\/helenafeofanov.softvenceprime.com\/en\/about-us\/#primaryimage"},"image":{"@id":"https:\/\/helenafeofanov.softvenceprime.com\/en\/about-us\/#primaryimage"},"thumbnailUrl":"https:\/\/helenafeofanov.softvenceprime.com\/wp-content\/uploads\/2025\/01\/23193b6787de1f7c96f1049c8736b7d1-1024x683.webp","datePublished":"2025-01-24T11:49:13+00:00","dateModified":"2026-04-06T10:08:16+00:00","breadcrumb":{"@id":"https:\/\/helenafeofanov.softvenceprime.com\/en\/about-us\/#breadcrumb"},"inLanguage":"en-US","potentialAction":[{"@type":"ReadAction","target":["https:\/\/helenafeofanov.softvenceprime.com\/en\/about-us\/"]}]},{"@type":"ImageObject","inLanguage":"en-US","@id":"https:\/\/helenafeofanov.softvenceprime.com\/en\/about-us\/#primaryimage","url":"https:\/\/helenafeofanov.softvenceprime.com\/wp-content\/uploads\/2025\/01\/23193b6787de1f7c96f1049c8736b7d1-1024x683.webp","contentUrl":"https:\/\/helenafeofanov.softvenceprime.com\/wp-content\/uploads\/2025\/01\/23193b6787de1f7c96f1049c8736b7d1-1024x683.webp"},{"@type":"BreadcrumbList","@id":"https:\/\/helenafeofanov.softvenceprime.com\/en\/about-us\/#breadcrumb","itemListElement":[{"@type":"ListItem","position":1,"name":"Esileht","item":"https:\/\/helenafeofanov.softvenceprime.com\/en\/avaleht\/"},{"@type":"ListItem","position":2,"name":"About us"}]},{"@type":"WebSite","@id":"https:\/\/helenafeofanov.softvenceprime.com\/en\/#website","url":"https:\/\/helenafeofanov.softvenceprime.com\/en\/","name":"Hypnos","description":"T\u00f5stame unekogemust","publisher":{"@id":"https:\/\/helenafeofanov.softvenceprime.com\/en\/#organization"},"potentialAction":[{"@type":"SearchAction","target":{"@type":"EntryPoint","urlTemplate":"https:\/\/helenafeofanov.softvenceprime.com\/en\/?s={search_term_string}"},"query-input":{"@type":"PropertyValueSpecification","valueRequired":true,"valueName":"search_term_string"}}],"inLanguage":"en-US"},{"@type":"Organization","@id":"https:\/\/helenafeofanov.softvenceprime.com\/en\/#organization","name":"Hypnos","url":"https:\/\/helenafeofanov.softvenceprime.com\/en\/","logo":{"@type":"ImageObject","inLanguage":"en-US","@id":"https:\/\/helenafeofanov.softvenceprime.com\/en\/#\/schema\/logo\/image\/","url":"https:\/\/helenafeofanov.softvenceprime.com\/wp-content\/uploads\/2025\/06\/cropped-Hypnos-fa.png","contentUrl":"https:\/\/helenafeofanov.softvenceprime.com\/wp-content\/uploads\/2025\/06\/cropped-Hypnos-fa.png","width":512,"height":512,"caption":"Hypnos"},"image":{"@id":"https:\/\/helenafeofanov.softvenceprime.com\/en\/#\/schema\/logo\/image\/"}}]}},"_links":{"self":[{"href":"https:\/\/helenafeofanov.softvenceprime.com\/en\/wp-json\/wp\/v2\/pages\/140","targetHints":{"allow":["GET"]}}],"collection":[{"href":"https:\/\/helenafeofanov.softvenceprime.com\/en\/wp-json\/wp\/v2\/pages"}],"about":[{"href":"https:\/\/helenafeofanov.softvenceprime.com\/en\/wp-json\/wp\/v2\/types\/page"}],"author":[{"embeddable":true,"href":"https:\/\/helenafeofanov.softvenceprime.com\/en\/wp-json\/wp\/v2\/users\/1"}],"replies":[{"embeddable":true,"href":"https:\/\/helenafeofanov.softvenceprime.com\/en\/wp-json\/wp\/v2\/comments?post=140"}],"version-history":[{"count":13,"href":"https:\/\/helenafeofanov.softvenceprime.com\/en\/wp-json\/wp\/v2\/pages\/140\/revisions"}],"predecessor-version":[{"id":5312,"href":"https:\/\/helenafeofanov.softvenceprime.com\/en\/wp-json\/wp\/v2\/pages\/140\/revisions\/5312"}],"wp:attachment":[{"href":"https:\/\/helenafeofanov.softvenceprime.com\/en\/wp-json\/wp\/v2\/media?parent=140"}],"curies":[{"name":"wp","href":"https:\/\/api.w.org\/{rel}","templated":true}]}}