{"id":2962,"date":"2025-05-08T08:59:24","date_gmt":"2025-05-08T05:59:24","guid":{"rendered":"https:\/\/helenafeofanov.softvenceprime.com\/toode\/nelio-56x56mm\/"},"modified":"2025-05-08T08:59:24","modified_gmt":"2025-05-08T05:59:24","slug":"nelio-56x56mm","status":"publish","type":"product","link":"https:\/\/helenafeofanov.softvenceprime.com\/fi\/tuote\/nelio-56x56mm\/","title":{"rendered":"Neli\u00f6, 56\u00d756mm"},"content":{"rendered":"","protected":false},"excerpt":{"rendered":"<p>M\u00e4nty nat 12cm (m\u00e4nty, lakka)<br \/>\nM\u00e4nty nat 20cm (m\u00e4nty, lakka)<br \/>\nWenge 12cm (m\u00e4nty, wenge tahra)<br \/>\nWenge 20cm (m\u00e4nty, wenge tahra)<\/p>\n","protected":false},"featured_media":3605,"comment_status":"closed","ping_status":"closed","template":"","meta":{"_acf_changed":false,"site-sidebar-layout":"default","site-content-layout":"","ast-site-content-layout":"default","site-content-style":"default","site-sidebar-style":"default","ast-global-header-display":"","ast-banner-title-visibility":"","ast-main-header-display":"","ast-hfb-above-header-display":"","ast-hfb-below-header-display":"","ast-hfb-mobile-header-display":"","site-post-title":"","ast-breadcrumbs-content":"","ast-featured-img":"","footer-sml-layout":"","ast-disable-related-posts":"","theme-transparent-header-meta":"","adv-header-id-meta":"","stick-header-meta":"","header-above-stick-meta":"","header-main-stick-meta":"","header-below-stick-meta":"","astra-migrate-meta-layouts":"default","ast-page-background-enabled":"default","ast-page-background-meta":{"desktop":{"background-color":"var(--ast-global-color-5)","background-image":"","background-repeat":"repeat","background-position":"center center","background-size":"auto","background-attachment":"scroll","background-type":"","background-media":"","overlay-type":"","overlay-color":"","overlay-opacity":"","overlay-gradient":""},"tablet":{"background-color":"","background-image":"","background-repeat":"repeat","background-position":"center center","background-size":"auto","background-attachment":"scroll","background-type":"","background-media":"","overlay-type":"","overlay-color":"","overlay-opacity":"","overlay-gradient":""},"mobile":{"background-color":"","background-image":"","background-repeat":"repeat","background-position":"center center","background-size":"auto","background-attachment":"scroll","background-type":"","background-media":"","overlay-type":"","overlay-color":"","overlay-opacity":"","overlay-gradient":""}},"ast-content-background-meta":{"desktop":{"background-color":"var(--ast-global-color-4)","background-image":"","background-repeat":"repeat","background-position":"center center","background-size":"auto","background-attachment":"scroll","background-type":"","background-media":"","overlay-type":"","overlay-color":"","overlay-opacity":"","overlay-gradient":""},"tablet":{"background-color":"var(--ast-global-color-4)","background-image":"","background-repeat":"repeat","background-position":"center center","background-size":"auto","background-attachment":"scroll","background-type":"","background-media":"","overlay-type":"","overlay-color":"","overlay-opacity":"","overlay-gradient":""},"mobile":{"background-color":"var(--ast-global-color-4)","background-image":"","background-repeat":"repeat","background-position":"center center","background-size":"auto","background-attachment":"scroll","background-type":"","background-media":"","overlay-type":"","overlay-color":"","overlay-opacity":"","overlay-gradient":""}}},"product_brand":[],"product_cat":[115],"product_tag":[],"class_list":{"0":"post-2962","1":"product","2":"type-product","3":"status-publish","4":"has-post-thumbnail","6":"product_cat-sangyn-jalat","7":"desktop-align-left","8":"tablet-align-left","9":"mobile-align-left","11":"first","12":"instock","13":"shipping-taxable","14":"product-type-simple"},"acf":[],"yoast_head":"<!-- This site is optimized with the Yoast SEO Premium plugin v26.0 (Yoast SEO v26.0) - https:\/\/yoast.com\/wordpress\/plugins\/seo\/ -->\n<title>Neli\u00f6, 56\u00d756mm - Hypnos<\/title>\n<meta name=\"robots\" content=\"index, follow, max-snippet:-1, max-image-preview:large, max-video-preview:-1\" \/>\n<link rel=\"canonical\" href=\"https:\/\/helenafeofanov.softvenceprime.com\/fi\/tuote\/nelio-56x56mm\/\" \/>\n<meta property=\"og:locale\" content=\"fi_FI\" \/>\n<meta property=\"og:type\" content=\"article\" \/>\n<meta property=\"og:title\" content=\"Neli\u00f6, 56\u00d756mm\" \/>\n<meta property=\"og:description\" content=\"M\u00e4nty nat 12cm (m\u00e4nty, lakka) M\u00e4nty nat 20cm (m\u00e4nty, lakka) Wenge 12cm (m\u00e4nty, wenge tahra) Wenge 20cm (m\u00e4nty, wenge tahra)\" \/>\n<meta property=\"og:url\" content=\"https:\/\/helenafeofanov.softvenceprime.com\/fi\/tuote\/nelio-56x56mm\/\" \/>\n<meta property=\"og:site_name\" content=\"Hypnos\" \/>\n<meta property=\"og:image\" content=\"https:\/\/helenafeofanov.softvenceprime.com\/wp-content\/uploads\/2025\/03\/kandilised-ja-silindrilised_f_2_590_1.jpg\" \/>\n\t<meta property=\"og:image:width\" content=\"203\" \/>\n\t<meta property=\"og:image:height\" content=\"590\" \/>\n\t<meta property=\"og:image:type\" content=\"image\/jpeg\" \/>\n<meta name=\"twitter:card\" content=\"summary_large_image\" \/>\n<script type=\"application\/ld+json\" class=\"yoast-schema-graph\">{\"@context\":\"https:\/\/schema.org\",\"@graph\":[{\"@type\":\"WebPage\",\"@id\":\"https:\/\/helenafeofanov.softvenceprime.com\/fi\/tuote\/nelio-56x56mm\/\",\"url\":\"https:\/\/helenafeofanov.softvenceprime.com\/fi\/tuote\/nelio-56x56mm\/\",\"name\":\"Neli\u00f6, 56\u00d756mm - Hypnos\",\"isPartOf\":{\"@id\":\"https:\/\/helenafeofanov.softvenceprime.com\/fi\/#website\"},\"primaryImageOfPage\":{\"@id\":\"https:\/\/helenafeofanov.softvenceprime.com\/fi\/tuote\/nelio-56x56mm\/#primaryimage\"},\"image\":{\"@id\":\"https:\/\/helenafeofanov.softvenceprime.com\/fi\/tuote\/nelio-56x56mm\/#primaryimage\"},\"thumbnailUrl\":\"https:\/\/helenafeofanov.softvenceprime.com\/wp-content\/uploads\/2025\/05\/Kandilised.jpg\",\"datePublished\":\"2025-05-08T05:59:24+00:00\",\"breadcrumb\":{\"@id\":\"https:\/\/helenafeofanov.softvenceprime.com\/fi\/tuote\/nelio-56x56mm\/#breadcrumb\"},\"inLanguage\":\"fi\",\"potentialAction\":[{\"@type\":\"ReadAction\",\"target\":[\"https:\/\/helenafeofanov.softvenceprime.com\/fi\/tuote\/nelio-56x56mm\/\"]}]},{\"@type\":\"ImageObject\",\"inLanguage\":\"fi\",\"@id\":\"https:\/\/helenafeofanov.softvenceprime.com\/fi\/tuote\/nelio-56x56mm\/#primaryimage\",\"url\":\"https:\/\/helenafeofanov.softvenceprime.com\/wp-content\/uploads\/2025\/05\/Kandilised.jpg\",\"contentUrl\":\"https:\/\/helenafeofanov.softvenceprime.com\/wp-content\/uploads\/2025\/05\/Kandilised.jpg\",\"width\":1024,\"height\":1024},{\"@type\":\"BreadcrumbList\",\"@id\":\"https:\/\/helenafeofanov.softvenceprime.com\/fi\/tuote\/nelio-56x56mm\/#breadcrumb\",\"itemListElement\":[{\"@type\":\"ListItem\",\"position\":1,\"name\":\"Esileht\",\"item\":\"https:\/\/helenafeofanov.softvenceprime.com\/fi\/avaleht\/\"},{\"@type\":\"ListItem\",\"position\":2,\"name\":\"Tuotteet\",\"item\":\"https:\/\/helenafeofanov.softvenceprime.com\/fi\/osta-osoitteessa\/\"},{\"@type\":\"ListItem\",\"position\":3,\"name\":\"Neli\u00f6, 56\u00d756mm\"}]},{\"@type\":\"WebSite\",\"@id\":\"https:\/\/helenafeofanov.softvenceprime.com\/fi\/#website\",\"url\":\"https:\/\/helenafeofanov.softvenceprime.com\/fi\/\",\"name\":\"Hypnos\",\"description\":\"T\u00f5stame unekogemust\",\"publisher\":{\"@id\":\"https:\/\/helenafeofanov.softvenceprime.com\/fi\/#organization\"},\"potentialAction\":[{\"@type\":\"SearchAction\",\"target\":{\"@type\":\"EntryPoint\",\"urlTemplate\":\"https:\/\/helenafeofanov.softvenceprime.com\/fi\/?s={search_term_string}\"},\"query-input\":{\"@type\":\"PropertyValueSpecification\",\"valueRequired\":true,\"valueName\":\"search_term_string\"}}],\"inLanguage\":\"fi\"},{\"@type\":\"Organization\",\"@id\":\"https:\/\/helenafeofanov.softvenceprime.com\/fi\/#organization\",\"name\":\"Hypnos\",\"url\":\"https:\/\/helenafeofanov.softvenceprime.com\/fi\/\",\"logo\":{\"@type\":\"ImageObject\",\"inLanguage\":\"fi\",\"@id\":\"https:\/\/helenafeofanov.softvenceprime.com\/fi\/#\/schema\/logo\/image\/\",\"url\":\"https:\/\/helenafeofanov.softvenceprime.com\/wp-content\/uploads\/2025\/06\/cropped-Hypnos-fa.png\",\"contentUrl\":\"https:\/\/helenafeofanov.softvenceprime.com\/wp-content\/uploads\/2025\/06\/cropped-Hypnos-fa.png\",\"width\":512,\"height\":512,\"caption\":\"Hypnos\"},\"image\":{\"@id\":\"https:\/\/helenafeofanov.softvenceprime.com\/fi\/#\/schema\/logo\/image\/\"}}]}<\/script>\n<!-- \/ Yoast SEO Premium plugin. -->","yoast_head_json":{"title":"Neli\u00f6, 56\u00d756mm - Hypnos","robots":{"index":"index","follow":"follow","max-snippet":"max-snippet:-1","max-image-preview":"max-image-preview:large","max-video-preview":"max-video-preview:-1"},"canonical":"https:\/\/helenafeofanov.softvenceprime.com\/fi\/tuote\/nelio-56x56mm\/","og_locale":"fi_FI","og_type":"article","og_title":"Neli\u00f6, 56\u00d756mm","og_description":"M\u00e4nty nat 12cm (m\u00e4nty, lakka) M\u00e4nty nat 20cm (m\u00e4nty, lakka) Wenge 12cm (m\u00e4nty, wenge tahra) Wenge 20cm (m\u00e4nty, wenge tahra)","og_url":"https:\/\/helenafeofanov.softvenceprime.com\/fi\/tuote\/nelio-56x56mm\/","og_site_name":"Hypnos","og_image":[{"width":203,"height":590,"url":"https:\/\/helenafeofanov.softvenceprime.com\/wp-content\/uploads\/2025\/03\/kandilised-ja-silindrilised_f_2_590_1.jpg","type":"image\/jpeg"}],"twitter_card":"summary_large_image","schema":{"@context":"https:\/\/schema.org","@graph":[{"@type":"WebPage","@id":"https:\/\/helenafeofanov.softvenceprime.com\/fi\/tuote\/nelio-56x56mm\/","url":"https:\/\/helenafeofanov.softvenceprime.com\/fi\/tuote\/nelio-56x56mm\/","name":"Neli\u00f6, 56\u00d756mm - Hypnos","isPartOf":{"@id":"https:\/\/helenafeofanov.softvenceprime.com\/fi\/#website"},"primaryImageOfPage":{"@id":"https:\/\/helenafeofanov.softvenceprime.com\/fi\/tuote\/nelio-56x56mm\/#primaryimage"},"image":{"@id":"https:\/\/helenafeofanov.softvenceprime.com\/fi\/tuote\/nelio-56x56mm\/#primaryimage"},"thumbnailUrl":"https:\/\/helenafeofanov.softvenceprime.com\/wp-content\/uploads\/2025\/05\/Kandilised.jpg","datePublished":"2025-05-08T05:59:24+00:00","breadcrumb":{"@id":"https:\/\/helenafeofanov.softvenceprime.com\/fi\/tuote\/nelio-56x56mm\/#breadcrumb"},"inLanguage":"fi","potentialAction":[{"@type":"ReadAction","target":["https:\/\/helenafeofanov.softvenceprime.com\/fi\/tuote\/nelio-56x56mm\/"]}]},{"@type":"ImageObject","inLanguage":"fi","@id":"https:\/\/helenafeofanov.softvenceprime.com\/fi\/tuote\/nelio-56x56mm\/#primaryimage","url":"https:\/\/helenafeofanov.softvenceprime.com\/wp-content\/uploads\/2025\/05\/Kandilised.jpg","contentUrl":"https:\/\/helenafeofanov.softvenceprime.com\/wp-content\/uploads\/2025\/05\/Kandilised.jpg","width":1024,"height":1024},{"@type":"BreadcrumbList","@id":"https:\/\/helenafeofanov.softvenceprime.com\/fi\/tuote\/nelio-56x56mm\/#breadcrumb","itemListElement":[{"@type":"ListItem","position":1,"name":"Esileht","item":"https:\/\/helenafeofanov.softvenceprime.com\/fi\/avaleht\/"},{"@type":"ListItem","position":2,"name":"Tuotteet","item":"https:\/\/helenafeofanov.softvenceprime.com\/fi\/osta-osoitteessa\/"},{"@type":"ListItem","position":3,"name":"Neli\u00f6, 56\u00d756mm"}]},{"@type":"WebSite","@id":"https:\/\/helenafeofanov.softvenceprime.com\/fi\/#website","url":"https:\/\/helenafeofanov.softvenceprime.com\/fi\/","name":"Hypnos","description":"T\u00f5stame unekogemust","publisher":{"@id":"https:\/\/helenafeofanov.softvenceprime.com\/fi\/#organization"},"potentialAction":[{"@type":"SearchAction","target":{"@type":"EntryPoint","urlTemplate":"https:\/\/helenafeofanov.softvenceprime.com\/fi\/?s={search_term_string}"},"query-input":{"@type":"PropertyValueSpecification","valueRequired":true,"valueName":"search_term_string"}}],"inLanguage":"fi"},{"@type":"Organization","@id":"https:\/\/helenafeofanov.softvenceprime.com\/fi\/#organization","name":"Hypnos","url":"https:\/\/helenafeofanov.softvenceprime.com\/fi\/","logo":{"@type":"ImageObject","inLanguage":"fi","@id":"https:\/\/helenafeofanov.softvenceprime.com\/fi\/#\/schema\/logo\/image\/","url":"https:\/\/helenafeofanov.softvenceprime.com\/wp-content\/uploads\/2025\/06\/cropped-Hypnos-fa.png","contentUrl":"https:\/\/helenafeofanov.softvenceprime.com\/wp-content\/uploads\/2025\/06\/cropped-Hypnos-fa.png","width":512,"height":512,"caption":"Hypnos"},"image":{"@id":"https:\/\/helenafeofanov.softvenceprime.com\/fi\/#\/schema\/logo\/image\/"}}]}},"_links":{"self":[{"href":"https:\/\/helenafeofanov.softvenceprime.com\/fi\/wp-json\/wp\/v2\/product\/2962","targetHints":{"allow":["GET"]}}],"collection":[{"href":"https:\/\/helenafeofanov.softvenceprime.com\/fi\/wp-json\/wp\/v2\/product"}],"about":[{"href":"https:\/\/helenafeofanov.softvenceprime.com\/fi\/wp-json\/wp\/v2\/types\/product"}],"replies":[{"embeddable":true,"href":"https:\/\/helenafeofanov.softvenceprime.com\/fi\/wp-json\/wp\/v2\/comments?post=2962"}],"wp:featuredmedia":[{"embeddable":true,"href":"https:\/\/helenafeofanov.softvenceprime.com\/fi\/wp-json\/wp\/v2\/media\/3605"}],"wp:attachment":[{"href":"https:\/\/helenafeofanov.softvenceprime.com\/fi\/wp-json\/wp\/v2\/media?parent=2962"}],"wp:term":[{"taxonomy":"product_brand","embeddable":true,"href":"https:\/\/helenafeofanov.softvenceprime.com\/fi\/wp-json\/wp\/v2\/product_brand?post=2962"},{"taxonomy":"product_cat","embeddable":true,"href":"https:\/\/helenafeofanov.softvenceprime.com\/fi\/wp-json\/wp\/v2\/product_cat?post=2962"},{"taxonomy":"product_tag","embeddable":true,"href":"https:\/\/helenafeofanov.softvenceprime.com\/fi\/wp-json\/wp\/v2\/product_tag?post=2962"}],"curies":[{"name":"wp","href":"https:\/\/api.w.org\/{rel}","templated":true}]}}